{"id":1990,"date":"2023-08-09T12:56:34","date_gmt":"2023-08-09T11:56:34","guid":{"rendered":"https:\/\/www.teknosathuelva.es\/tienda\/?post_type=product&#038;p=1990"},"modified":"2023-09-18T13:43:46","modified_gmt":"2023-09-18T12:43:46","slug":"hp-elitebook-850-g6","status":"publish","type":"product","link":"https:\/\/www.teknosathuelva.es\/tienda\/producto\/hp-elitebook-850-g6\/","title":{"rendered":"HP EliteBook 850 G6"},"content":{"rendered":"<ul>\n<li><strong>Gr\u00e1fica principal<\/strong>: Intel(R) UHD Graphics 620<\/li>\n<li>Webcam<\/li>\n<li>Lector de huellas<\/li>\n<li>Teclado retroiluminado<\/li>\n<li>Wi-Fi<\/li>\n<li>Ethernet 10\/100\/1000Mbps<\/li>\n<li>Bluetooth 5.0<\/li>\n<li><strong>Puertos:<\/strong><\/li>\n<li>2x USB 3.2<\/li>\n<li>1x USB Tipo C<\/li>\n<li>1x RJ-45<\/li>\n<li>1x Combo de auriculares\/micr\u00f3fono<\/li>\n<li>1x Fuente de alimentaci\u00f3n AC<\/li>\n<li>1x HDMI 1.4<\/li>\n<li>S.O:\u00a0Windows 10 Profesional<\/li>\n<li><strong>Teclado espa\u00f1ol\u00a0<\/strong><\/li>\n<li>*Fotograf\u00edas gen\u00e9ricas, no reales*.Equipos de ocasi\u00f3n con 3 a\u00f1os garant\u00eda.<\/li>\n<\/ul>\n","protected":false},"excerpt":{"rendered":"<ul>\n<li>Procesador Intel core i5-8365U 1,6 GHz 4 n\u00facleos<\/li>\n<li>Memoria RAM 16GB DDR4<\/li>\n<li>Disco duro: 256GB SSD<\/li>\n<li>Pantalla 15,6&#8243; FULL HD 1920 x 1080 Pixeles<\/li>\n<li>Windows 10 Pro<\/li>\n<\/ul>\n","protected":false},"featured_media":1993,"template":"","meta":[],"product_brand":[],"product_cat":[24],"product_tag":[],"class_list":{"0":"post-1990","1":"product","2":"type-product","3":"status-publish","4":"has-post-thumbnail","6":"product_cat-portatiles","7":"product_shipping_class-envgr2019","9":"first","10":"outofstock","11":"taxable","12":"shipping-taxable","13":"purchasable","14":"product-type-simple"},"_links":{"self":[{"href":"https:\/\/www.teknosathuelva.es\/tienda\/wp-json\/wp\/v2\/product\/1990","targetHints":{"allow":["GET"]}}],"collection":[{"href":"https:\/\/www.teknosathuelva.es\/tienda\/wp-json\/wp\/v2\/product"}],"about":[{"href":"https:\/\/www.teknosathuelva.es\/tienda\/wp-json\/wp\/v2\/types\/product"}],"wp:featuredmedia":[{"embeddable":true,"href":"https:\/\/www.teknosathuelva.es\/tienda\/wp-json\/wp\/v2\/media\/1993"}],"wp:attachment":[{"href":"https:\/\/www.teknosathuelva.es\/tienda\/wp-json\/wp\/v2\/media?parent=1990"}],"wp:term":[{"taxonomy":"product_brand","embeddable":true,"href":"https:\/\/www.teknosathuelva.es\/tienda\/wp-json\/wp\/v2\/product_brand?post=1990"},{"taxonomy":"product_cat","embeddable":true,"href":"https:\/\/www.teknosathuelva.es\/tienda\/wp-json\/wp\/v2\/product_cat?post=1990"},{"taxonomy":"product_tag","embeddable":true,"href":"https:\/\/www.teknosathuelva.es\/tienda\/wp-json\/wp\/v2\/product_tag?post=1990"}],"curies":[{"name":"wp","href":"https:\/\/api.w.org\/{rel}","templated":true}]}}